{"id":65,"date":"2024-05-08T13:55:51","date_gmt":"2024-05-08T12:55:51","guid":{"rendered":"http:\/\/slaw.local\/?page_id=65"},"modified":"2024-12-24T11:45:18","modified_gmt":"2024-12-24T10:45:18","slug":"e-uslugi","status":"publish","type":"page","link":"https:\/\/sbmslaw.pl\/?page_id=65","title":{"rendered":"e-Us\u0142ugi"},"content":{"rendered":"\t\t<div data-elementor-type=\"wp-page\" data-elementor-id=\"65\" class=\"elementor elementor-65\">\n\t\t\t\t<div class=\"elementor-element elementor-element-305d56d e-flex e-con-boxed e-con e-parent\" data-id=\"305d56d\" data-element_type=\"container\">\n\t\t\t\t\t<div class=\"e-con-inner\">\n\t\t\t\t<div class=\"elementor-element elementor-element-2a3b5f3 elementor-widget elementor-widget-heading\" data-id=\"2a3b5f3\" data-element_type=\"widget\" data-widget_type=\"heading.default\">\n\t\t\t\t<div class=\"elementor-widget-container\">\n\t\t\t\t\t<h2 class=\"elementor-heading-title elementor-size-default\">e-Us\u0142ugi<\/h2>\t\t\t\t<\/div>\n\t\t\t\t<\/div>\n\t\t\t\t\t<\/div>\n\t\t\t\t<\/div>\n\t\t<div class=\"elementor-element elementor-element-94f4240 e-flex e-con-boxed e-con e-parent\" data-id=\"94f4240\" data-element_type=\"container\">\n\t\t\t\t\t<div class=\"e-con-inner\">\n\t\t\t\t<div class=\"elementor-element elementor-element-a63d333 elementor-widget elementor-widget-text-editor\" data-id=\"a63d333\" data-element_type=\"widget\" data-widget_type=\"text-editor.default\">\n\t\t\t\t<div class=\"elementor-widget-container\">\n\t\t\t\t\t\t\t\t\t<h2 class=\"elementor-heading-title elementor-size-default\"><a href=\"https:\/\/sbmslaw.sbit.net.pl\/\" target=\"_blank\" rel=\"noopener\"><span style=\"text-decoration: underline;\">Rozliczenia mieszka\u0144ca ze Sp\u00f3\u0142dzielni\u0105<\/span><\/a><\/h2><p>\u00a0<\/p><p>Klikaj\u0105c na powy\u017cszy link, zostaniecie\u00a0 pa\u0144stwo przekierowani\u00a0 do strony gdzie mo\u017cna si\u0119 zapozna\u0107 si\u0119 z w\u0142asnymi rozliczeniami ze Sp\u00f3\u0142dzielni\u0105.<\/p><p><strong>Co nale\u017cy zrobi\u0107, aby uzyska\u0107 dost\u0119p do konta?<\/strong><br \/>1. <strong>Skontaktuj si\u0119 z administracj\u0105 Sp\u00f3\u0142dzielni \/ tel:. 22 617 34 86 lub 695 843 117 \/ i um\u00f3w na wizyt\u0119 w biurze Sp\u00f3\u0142dzielni<\/strong> w celu uzyskania indywidualnej nazwy u\u017cytkownika dost\u0119pu do us\u0142ugi wraz z has\u0142em do pierwszego logowania.<\/p><p>2.\u00a0Je\u017celi jeszcze <strong>nie wyrazi\u0142e\u015b zgody na komunikacj\u0119 elektroniczn\u0105, podpisz stosowane o\u015bwiadczenie &#8211; <a href=\"https:\/\/sbmslaw.pl\/wp-content\/uploads\/2024\/12\/Osw_na-wyrazene_zgody_na_koresp_elektroniczna.pdf\" target=\"_blank\" rel=\"noopener\">\/ druk tutaj \/<\/a> i przynie\u015b je ze sob\u0105 do biura Sp\u00f3\u0142dzielni.<\/strong> Nie masz mo\u017cliwo\u015bci wydruku \u2013 o\u015bwiadczenie mo\u017cesz tak\u017ce podpisa\u0107 podczas Twojej wizyty w biurze.<\/p><p>3.Po otrzymaniu indywidualnej nazwy u\u017cytkownika wraz z has\u0142em do pierwszego logowania wejd\u017a do zak\u0142adki\u00a0 e-Us\u0142ugi na stronie www.sbmslaw.pl. Kliknij wiersz &#8222;<strong>Rozliczenia mieszka\u0144ca ze Sp\u00f3\u0142dzielni\u0105<\/strong>&#8222;, system rozlicze\u0144 pojawi si\u0119 w nowej zak\u0142adce przegl\u0105darki.\u00a0 <strong>Zaloguj si\u0119 otrzyman\u0105 w sp\u00f3\u0142dzielni nazw\u0105 u\u017cytkownika i has\u0142em.\u00a0 Przy pierwszym logowaniu has\u0142o nale\u017cy zmieni\u0107 na nowe<\/strong><strong>, znane tylko Tobie has\u0142o docelowe.<br \/><\/strong><\/p><p><strong>Uwaga: Powy\u017csza us\u0142uga dotyczy jedynie w\u0142a\u015bcicieli lokali lub os\u00f3b posiadaj\u0105cych pe\u0142nomocnictwa od w\u0142a\u015bciciela do wgl\u0105du w rozliczenia ze Sp\u00f3\u0142dzielni\u0105.<\/strong><\/p><p><strong>\u00a0<\/strong><\/p><p><strong>\u00a0<\/strong><\/p>\t\t\t\t\t\t\t\t<\/div>\n\t\t\t\t<\/div>\n\t\t\t\t\t<\/div>\n\t\t\t\t<\/div>\n\t\t\t\t<\/div>\n\t\t","protected":false},"excerpt":{"rendered":"<p>e-Us\u0142ugi Rozliczenia mieszka\u0144ca ze Sp\u00f3\u0142dzielni\u0105 \u00a0 Klikaj\u0105c na powy\u017cszy link, zostaniecie\u00a0 pa\u0144stwo przekierowani\u00a0 do strony gdzie mo\u017cna si\u0119 zapozna\u0107 si\u0119 z w\u0142asnymi rozliczeniami ze Sp\u00f3\u0142dzielni\u0105. Co nale\u017cy zrobi\u0107, aby uzyska\u0107 dost\u0119p do konta?1. Skontaktuj si\u0119 z administracj\u0105 Sp\u00f3\u0142dzielni \/ tel:. 22 617 34 86 lub 695 843 117 \/ i um\u00f3w na wizyt\u0119 w biurze [&hellip;]<\/p>\n","protected":false},"author":1,"featured_media":0,"parent":0,"menu_order":0,"comment_status":"closed","ping_status":"closed","template":"elementor_header_footer","meta":{"footnotes":""},"class_list":["post-65","page","type-page","status-publish","hentry"],"_links":{"self":[{"href":"https:\/\/sbmslaw.pl\/index.php?rest_route=\/wp\/v2\/pages\/65","targetHints":{"allow":["GET"]}}],"collection":[{"href":"https:\/\/sbmslaw.pl\/index.php?rest_route=\/wp\/v2\/pages"}],"about":[{"href":"https:\/\/sbmslaw.pl\/index.php?rest_route=\/wp\/v2\/types\/page"}],"author":[{"embeddable":true,"href":"https:\/\/sbmslaw.pl\/index.php?rest_route=\/wp\/v2\/users\/1"}],"replies":[{"embeddable":true,"href":"https:\/\/sbmslaw.pl\/index.php?rest_route=%2Fwp%2Fv2%2Fcomments&post=65"}],"version-history":[{"count":61,"href":"https:\/\/sbmslaw.pl\/index.php?rest_route=\/wp\/v2\/pages\/65\/revisions"}],"predecessor-version":[{"id":606,"href":"https:\/\/sbmslaw.pl\/index.php?rest_route=\/wp\/v2\/pages\/65\/revisions\/606"}],"wp:attachment":[{"href":"https:\/\/sbmslaw.pl\/index.php?rest_route=%2Fwp%2Fv2%2Fmedia&parent=65"}],"curies":[{"name":"wp","href":"https:\/\/api.w.org\/{rel}","templated":true}]}}