{"id":54,"date":"2024-05-08T13:48:54","date_gmt":"2024-05-08T12:48:54","guid":{"rendered":"http:\/\/slaw.local\/?page_id=54"},"modified":"2025-12-02T20:54:24","modified_gmt":"2025-12-02T19:54:24","slug":"kontakty","status":"publish","type":"page","link":"https:\/\/sbmslaw.pl\/?page_id=54","title":{"rendered":"Kontakty"},"content":{"rendered":"\t\t<div data-elementor-type=\"wp-page\" data-elementor-id=\"54\" class=\"elementor elementor-54\">\n\t\t\t\t<div class=\"elementor-element elementor-element-e9b2898 e-flex e-con-boxed e-con e-parent\" data-id=\"e9b2898\" data-element_type=\"container\">\n\t\t\t\t\t<div class=\"e-con-inner\">\n\t\t\t\t<div class=\"elementor-element elementor-element-3b0d9da elementor-widget elementor-widget-heading\" data-id=\"3b0d9da\" data-element_type=\"widget\" data-widget_type=\"heading.default\">\n\t\t\t\t<div class=\"elementor-widget-container\">\n\t\t\t\t\t<h2 class=\"elementor-heading-title elementor-size-default\">Kontakty <\/h2>\t\t\t\t<\/div>\n\t\t\t\t<\/div>\n\t\t\t\t<div class=\"elementor-element elementor-element-5ed45a1 elementor-widget elementor-widget-text-editor\" data-id=\"5ed45a1\" data-element_type=\"widget\" data-widget_type=\"text-editor.default\">\n\t\t\t\t<div class=\"elementor-widget-container\">\n\t\t\t\t\t\t\t\t\t<h2 class=\"wp-block-heading\"><strong>Adres do kontaktu<br \/><\/strong><\/h2><p>Sp\u00f3\u0142dzielnia Budowlano Mieszkaniowa \u201eS\u0142aw\u201d<br \/>ul. Brazylijska 8\/50<br \/>03-946 Warszawa<\/p>\t\t\t\t\t\t\t\t<\/div>\n\t\t\t\t<\/div>\n\t\t\t\t\t<\/div>\n\t\t\t\t<\/div>\n\t\t<div class=\"elementor-element elementor-element-ac46b7d e-flex e-con-boxed e-con e-parent\" data-id=\"ac46b7d\" data-element_type=\"container\">\n\t\t\t\t\t<div class=\"e-con-inner\">\n\t\t\t\t<div class=\"elementor-element elementor-element-402e75f elementor-widget elementor-widget-heading\" data-id=\"402e75f\" data-element_type=\"widget\" data-widget_type=\"heading.default\">\n\t\t\t\t<div class=\"elementor-widget-container\">\n\t\t\t\t\t<h2 class=\"elementor-heading-title elementor-size-default\">Sekretariat<\/h2>\t\t\t\t<\/div>\n\t\t\t\t<\/div>\n\t\t\t\t<div class=\"elementor-element elementor-element-c86a32a elementor-widget elementor-widget-text-editor\" data-id=\"c86a32a\" data-element_type=\"widget\" data-widget_type=\"text-editor.default\">\n\t\t\t\t<div class=\"elementor-widget-container\">\n\t\t\t\t\t\t\t\t\t<ul><li>Czynny:<br \/>poniedzia\u0142ek &#8211; czwartek 8:00-14:00<br \/><strong><strong>pi\u0105tek 10:00-14:00\u00a0\u00a0 bez przyj\u0119cia intersant\u00f3w:<br \/>sobota, niedziela \u00a0\u00a0 zamkni\u0119te<\/strong><\/strong><\/li><\/ul><p>kontakt do sekretariatu:<br \/>tel.: (+48) 22 617 34 86<br \/><strong><a href=\"mailto:administracja@sbmslaw.pl\">administracja@sbmslaw.pl<\/a><\/strong><\/p><p>kontakt do zarz\u0105du:<br \/>tel.: (+48) 22 617 34 86<br \/><strong><a href=\"mailto:zarzad@sbmslaw.pl\">zarzad@sbmslaw.pl<\/a><\/strong><\/p><p>Prezes Zarz\u0105du Krzysztof Komendecki<br \/>tel.: (+48) 695 843 117 w godzinach 8.00 \u2013 18.00<\/p><p>Wiceprezes Zarz\u0105du Andrzej Borek<br \/>tel.: (+48) 782 858 677 w godzinach 8.00 \u2013 18.00<\/p>\t\t\t\t\t\t\t\t<\/div>\n\t\t\t\t<\/div>\n\t\t\t\t\t<\/div>\n\t\t\t\t<\/div>\n\t\t<div class=\"elementor-element elementor-element-0fcc3c4 e-flex e-con-boxed e-con e-parent\" data-id=\"0fcc3c4\" data-element_type=\"container\">\n\t\t\t\t\t<div class=\"e-con-inner\">\n\t\t\t\t<div class=\"elementor-element elementor-element-2631d31 elementor-widget elementor-widget-heading\" data-id=\"2631d31\" data-element_type=\"widget\" data-widget_type=\"heading.default\">\n\t\t\t\t<div class=\"elementor-widget-container\">\n\t\t\t\t\t<h2 class=\"elementor-heading-title elementor-size-default\">Kontakty techniczne<\/h2>\t\t\t\t<\/div>\n\t\t\t\t<\/div>\n\t\t\t\t<div class=\"elementor-element elementor-element-07b7ca3 elementor-widget elementor-widget-text-editor\" data-id=\"07b7ca3\" data-element_type=\"widget\" data-widget_type=\"text-editor.default\">\n\t\t\t\t<div class=\"elementor-widget-container\">\n\t\t\t\t\t\t\t\t\t<ul><li><p>Hydraulik: Piotr Czajka tel.: 513762940, ca\u0142odobowo<br \/>Elektryk i domofony: Andrzej Kosior tel.: 502744488 ca\u0142odobowo<br \/>\u015alusarz: Marek Fernik tel.: 51738947 \/ odp\u0142atnie \/<\/p><\/li><\/ul>\t\t\t\t\t\t\t\t<\/div>\n\t\t\t\t<\/div>\n\t\t\t\t\t<\/div>\n\t\t\t\t<\/div>\n\t\t<div class=\"elementor-element elementor-element-d3ff94e e-flex e-con-boxed e-con e-parent\" data-id=\"d3ff94e\" data-element_type=\"container\">\n\t\t\t\t\t<div class=\"e-con-inner\">\n\t\t\t\t<div class=\"elementor-element elementor-element-7445ed9 elementor-widget elementor-widget-heading\" data-id=\"7445ed9\" data-element_type=\"widget\" data-widget_type=\"heading.default\">\n\t\t\t\t<div class=\"elementor-widget-container\">\n\t\t\t\t\t<h2 class=\"elementor-heading-title elementor-size-default\">Dane rejestracyjne<\/h2>\t\t\t\t<\/div>\n\t\t\t\t<\/div>\n\t\t\t\t<div class=\"elementor-element elementor-element-71619df elementor-widget elementor-widget-text-editor\" data-id=\"71619df\" data-element_type=\"widget\" data-widget_type=\"text-editor.default\">\n\t\t\t\t<div class=\"elementor-widget-container\">\n\t\t\t\t\t\t\t\t\t<p>NIP: 525-10-00-218<br \/>REGON: 000490122<br \/>KRS: 0000197564<br \/>Nr konta bankowego: 90 1020 1156 0000 7602 0006 4162<\/p>\t\t\t\t\t\t\t\t<\/div>\n\t\t\t\t<\/div>\n\t\t\t\t\t<\/div>\n\t\t\t\t<\/div>\n\t\t\t\t<\/div>\n\t\t","protected":false},"excerpt":{"rendered":"<p>Kontakty Adres do kontaktu Sp\u00f3\u0142dzielnia Budowlano Mieszkaniowa \u201eS\u0142aw\u201dul. Brazylijska 8\/5003-946 Warszawa Sekretariat Czynny:poniedzia\u0142ek &#8211; czwartek 8:00-14:00pi\u0105tek 10:00-14:00\u00a0\u00a0 bez przyj\u0119cia intersant\u00f3w:sobota, niedziela \u00a0\u00a0 zamkni\u0119te kontakt do sekretariatu:tel.: (+48) 22 617 34 86administracja@sbmslaw.pl kontakt do zarz\u0105du:tel.: (+48) 22 617 34 86zarzad@sbmslaw.pl Prezes Zarz\u0105du Krzysztof Komendeckitel.: (+48) 695 843 117 w godzinach 8.00 \u2013 18.00 Wiceprezes Zarz\u0105du Andrzej [&hellip;]<\/p>\n","protected":false},"author":1,"featured_media":0,"parent":0,"menu_order":0,"comment_status":"closed","ping_status":"closed","template":"elementor_header_footer","meta":{"footnotes":""},"class_list":["post-54","page","type-page","status-publish","hentry"],"_links":{"self":[{"href":"https:\/\/sbmslaw.pl\/index.php?rest_route=\/wp\/v2\/pages\/54","targetHints":{"allow":["GET"]}}],"collection":[{"href":"https:\/\/sbmslaw.pl\/index.php?rest_route=\/wp\/v2\/pages"}],"about":[{"href":"https:\/\/sbmslaw.pl\/index.php?rest_route=\/wp\/v2\/types\/page"}],"author":[{"embeddable":true,"href":"https:\/\/sbmslaw.pl\/index.php?rest_route=\/wp\/v2\/users\/1"}],"replies":[{"embeddable":true,"href":"https:\/\/sbmslaw.pl\/index.php?rest_route=%2Fwp%2Fv2%2Fcomments&post=54"}],"version-history":[{"count":73,"href":"https:\/\/sbmslaw.pl\/index.php?rest_route=\/wp\/v2\/pages\/54\/revisions"}],"predecessor-version":[{"id":736,"href":"https:\/\/sbmslaw.pl\/index.php?rest_route=\/wp\/v2\/pages\/54\/revisions\/736"}],"wp:attachment":[{"href":"https:\/\/sbmslaw.pl\/index.php?rest_route=%2Fwp%2Fv2%2Fmedia&parent=54"}],"curies":[{"name":"wp","href":"https:\/\/api.w.org\/{rel}","templated":true}]}}