{"id":49,"date":"2024-05-08T13:46:29","date_gmt":"2024-05-08T12:46:29","guid":{"rendered":"http:\/\/slaw.local\/?page_id=49"},"modified":"2025-10-09T11:33:41","modified_gmt":"2025-10-09T10:33:41","slug":"dokumenty","status":"publish","type":"page","link":"https:\/\/sbmslaw.pl\/?page_id=49","title":{"rendered":"Dokumenty"},"content":{"rendered":"\t\t<div data-elementor-type=\"wp-page\" data-elementor-id=\"49\" class=\"elementor elementor-49\">\n\t\t\t\t<div class=\"elementor-element elementor-element-7a14e18 e-flex e-con-boxed e-con e-parent\" data-id=\"7a14e18\" data-element_type=\"container\">\n\t\t\t\t\t<div class=\"e-con-inner\">\n\t\t\t\t<div class=\"elementor-element elementor-element-7207320 elementor-widget elementor-widget-heading\" data-id=\"7207320\" data-element_type=\"widget\" data-widget_type=\"heading.default\">\n\t\t\t\t<div class=\"elementor-widget-container\">\n\t\t\t\t\t<h2 class=\"elementor-heading-title elementor-size-default\">Dokumenty<\/h2>\t\t\t\t<\/div>\n\t\t\t\t<\/div>\n\t\t\t\t\t<\/div>\n\t\t\t\t<\/div>\n\t\t<div class=\"elementor-element elementor-element-64e4365 e-flex e-con-boxed e-con e-parent\" data-id=\"64e4365\" data-element_type=\"container\">\n\t\t\t\t\t<div class=\"e-con-inner\">\n\t\t\t\t<div class=\"elementor-element elementor-element-b774efb elementor-widget elementor-widget-heading\" data-id=\"b774efb\" data-element_type=\"widget\" data-widget_type=\"heading.default\">\n\t\t\t\t<div class=\"elementor-widget-container\">\n\t\t\t\t\t<h2 class=\"elementor-heading-title elementor-size-default\">Ustawy reguluj\u0105ce dzia\u0142alno\u015b\u0107 Sp\u00f3\u0142dzielni<\/h2>\t\t\t\t<\/div>\n\t\t\t\t<\/div>\n\t\t\t\t<div class=\"elementor-element elementor-element-489e130 elementor-widget elementor-widget-text-editor\" data-id=\"489e130\" data-element_type=\"widget\" data-widget_type=\"text-editor.default\">\n\t\t\t\t<div class=\"elementor-widget-container\">\n\t\t\t\t\t\t\t\t\t<ul class=\"has-medium-font-size\"><li>Ustawa z dnia 16 wrze\u015bnia 1982 r. \u2013 Prawo sp\u00f3\u0142dzielcze (<a href=\"https:\/\/isap.sejm.gov.pl\/isap.nsf\/DocDetails.xsp?id=wdu19820300210\" target=\"_blank\" rel=\"noopener\">tekst aktu w systemie ISAP<\/a>)<\/li><li>Ustawa z dnia 15 grudnia 2000 r. o sp\u00f3\u0142dzielniach mieszkaniowych (<a href=\"https:\/\/isap.sejm.gov.pl\/isap.nsf\/DocDetails.xsp?id=WDU20010040027\" target=\"_blank\" rel=\"noopener\">tekst aktu w systemie ISAP<\/a>)<\/li><li>\u00a0<\/li><\/ul>\t\t\t\t\t\t\t\t<\/div>\n\t\t\t\t<\/div>\n\t\t\t\t\t<\/div>\n\t\t\t\t<\/div>\n\t\t<div class=\"elementor-element elementor-element-891ed5d e-flex e-con-boxed e-con e-parent\" data-id=\"891ed5d\" data-element_type=\"container\">\n\t\t\t\t\t<div class=\"e-con-inner\">\n\t\t\t\t<div class=\"elementor-element elementor-element-8a36a30 elementor-widget elementor-widget-heading\" data-id=\"8a36a30\" data-element_type=\"widget\" data-widget_type=\"heading.default\">\n\t\t\t\t<div class=\"elementor-widget-container\">\n\t\t\t\t\t<h2 class=\"elementor-heading-title elementor-size-default\">Dokumenty wewn\u0119trzne Sp\u00f3\u0142dzielni<\/h2>\t\t\t\t<\/div>\n\t\t\t\t<\/div>\n\t\t\t\t<div class=\"elementor-element elementor-element-dda232d elementor-widget elementor-widget-text-editor\" data-id=\"dda232d\" data-element_type=\"widget\" data-widget_type=\"text-editor.default\">\n\t\t\t\t<div class=\"elementor-widget-container\">\n\t\t\t\t\t\t\t\t\t<ul class=\"has-medium-font-size\"><li>Statut Sp\u00f3\u0142dzielni (<a href=\"https:\/\/sbmslaw.pl\/wp-content\/uploads\/2024\/05\/statut.pdf\" target=\"_blank\" rel=\"noreferrer noopener\">pdf<\/a>, 140 KB)<\/li><li><p class=\"Teksttreci20\" style=\"text-align: left; background: transparent;\" align=\"left\">Regulamin Organizacyjny Rady Nadzorczej (<a href=\"https:\/\/sbmslaw.pl\/wp-content\/uploads\/2024\/05\/regulamin_organizacyjny_rady_nadzorczej.pdf\" target=\"_blank\" rel=\"noopener\">pdf<\/a>, 340 KB)<br \/>Regulamin Komisji Technicznej Rady Nadzorczej (<a href=\"https:\/\/sbmslaw.pl\/wp-content\/uploads\/2024\/05\/regulamin_komisji_technicznej_rady_nadzorczej.pdf\" target=\"_blank\" rel=\"noopener\">pdf<\/a>, 320 KB)<br \/>Regulamin Komisji Rewizyjnej Rady Nadzorczej (<a href=\"https:\/\/sbmslaw.pl\/wp-content\/uploads\/2024\/05\/regulamin_komisji_rewizyjnej_rady_nadzorczej.pdf\" target=\"_blank\" rel=\"noopener\">pdf<\/a>, 330 KB)<br \/>Regulamin obrad Walnego Zgromadzenia (<a href=\"https:\/\/sbmslaw.pl\/wp-content\/uploads\/2024\/05\/regulamin_obrad_walnego_zgromadzenia.pdf\" target=\"_blank\" rel=\"noopener\">pdf<\/a>, 400 KB)<\/p><p>Protok\u00f3\u0142 polustracyjny 2017 &#8211; 2022 (<a href=\"https:\/\/sbmslaw.pl\/wp-content\/uploads\/2025\/05\/PROTOKOL_LUSTRACJI_SBM_SLAW_2017-2022.pdf\" target=\"_blank\" rel=\"noopener\">pdf<\/a>, 620 KB)<\/p><\/li><li>Regulamin rozliczania koszt\u00f3w zu\u017cycia zimnej wody i odprowadzania \u015bciek\u00f3w (<a href=\"https:\/\/sbmslaw.pl\/wp-content\/uploads\/2024\/05\/rozliczanie_wody.pdf\" target=\"_blank\" rel=\"noopener\">pdf<\/a>, 310 KB)<br \/>Regulamin porz\u0105dku domowego (<a href=\"https:\/\/sbmslaw.pl\/wp-content\/uploads\/2024\/05\/regulamin_porzadku_domowego.pdf\" target=\"_blank\" rel=\"noopener\">pdf<\/a>, 200 KB)<\/li><li>Regulamin prowadzenia dzia\u0142alno\u015bci gospodarczej w zasobach sp\u00f3\u0142dzielni <a href=\"https:\/\/sbmslaw.pl\/wp-content\/uploads\/2024\/05\/regulamin_prowadzenia_dzialalnosci_gosp_w_zasobach_spoldzielni.pdf\" target=\"_blank\" rel=\"noopener\">(pdf<\/a>, 220 KB)<br \/>O\u015bwiadczenie o wyra\u017ceniu zgody na przesy\u0142anie korespondencji drog\u0105 elektroniczn\u0105 (<a href=\"https:\/\/sbmslaw.pl\/wp-content\/uploads\/2024\/05\/oswiadczenie_na_wyrazene_zgody_na_korespondencje_elektroniczna-1.pdf\" target=\"_blank\" rel=\"noopener\">pdf<\/a>, 880 KB)<\/li><li>Wniosek o wydanie identyfikatora upowa\u017cniaj\u0105cego do wjazdu do Strefy Mieszka\u0144ca (<a href=\"https:\/\/sbmslaw.pl\/wp-content\/uploads\/2024\/05\/wniosek_identyfikator.pdf\" target=\"_blank\" rel=\"noopener\">pdf<\/a>, 630 KB)<\/li><\/ul>\t\t\t\t\t\t\t\t<\/div>\n\t\t\t\t<\/div>\n\t\t\t\t\t<\/div>\n\t\t\t\t<\/div>\n\t\t<div class=\"elementor-element elementor-element-c87bcf2 e-flex e-con-boxed e-con e-parent\" data-id=\"c87bcf2\" data-element_type=\"container\">\n\t\t\t\t\t<div class=\"e-con-inner\">\n\t\t\t\t<div class=\"elementor-element elementor-element-50e74f5 elementor-widget elementor-widget-heading\" data-id=\"50e74f5\" data-element_type=\"widget\" data-widget_type=\"heading.default\">\n\t\t\t\t<div class=\"elementor-widget-container\">\n\t\t\t\t\t<h2 class=\"elementor-heading-title elementor-size-default\">Inne akty prawne zwi\u0105zane z dzia\u0142alno\u015bci\u0105 Sp\u00f3\u0142dzielni<\/h2>\t\t\t\t<\/div>\n\t\t\t\t<\/div>\n\t\t\t\t<div class=\"elementor-element elementor-element-913a5ac elementor-widget elementor-widget-text-editor\" data-id=\"913a5ac\" data-element_type=\"widget\" data-widget_type=\"text-editor.default\">\n\t\t\t\t<div class=\"elementor-widget-container\">\n\t\t\t\t\t\t\t\t\t<ul class=\"has-medium-font-size\"><li>Ustawa z dnia 7 lipca 1994 r. \u2013 Prawo budowlane (<a href=\"https:\/\/isap.sejm.gov.pl\/isap.nsf\/DocDetails.xsp?id=wdu19940890414\" target=\"_blank\" rel=\"noopener\">tekst aktu w systemie ISAP<\/a>)<\/li><li>Rozporz\u0105dzenie Ministra Infrastruktury z dnia 12 kwietnia 2002 r. w sprawie warunk\u00f3w technicznych, jakim powinny odpowiada\u0107 budynki i ich usytuowanie (<a href=\"https:\/\/isap.sejm.gov.pl\/isap.nsf\/DocDetails.xsp?id=wdu20020750690\" target=\"_blank\" rel=\"noopener\">tekst aktu w systemie ISAP<\/a>)<\/li><\/ul>\t\t\t\t\t\t\t\t<\/div>\n\t\t\t\t<\/div>\n\t\t\t\t\t<\/div>\n\t\t\t\t<\/div>\n\t\t<div class=\"elementor-element elementor-element-909e865 e-flex e-con-boxed e-con e-parent\" data-id=\"909e865\" data-element_type=\"container\">\n\t\t\t\t\t<div class=\"e-con-inner\">\n\t\t\t\t<div class=\"elementor-element elementor-element-a011361 elementor-widget elementor-widget-heading\" data-id=\"a011361\" data-element_type=\"widget\" data-widget_type=\"heading.default\">\n\t\t\t\t<div class=\"elementor-widget-container\">\n\t\t\t\t\t<h2 class=\"elementor-heading-title elementor-size-default\">Inne wa\u017cne dokumenty<\/h2>\t\t\t\t<\/div>\n\t\t\t\t<\/div>\n\t\t\t\t<div class=\"elementor-element elementor-element-abde1b9 elementor-widget elementor-widget-text-editor\" data-id=\"abde1b9\" data-element_type=\"widget\" data-widget_type=\"text-editor.default\">\n\t\t\t\t<div class=\"elementor-widget-container\">\n\t\t\t\t\t\t\t\t\t<p>ODPADY KOMUNALNE\u00a0 &#8211; Informacje dla w\u0142a\u015bcicieli, administrator\u00f3w<br \/>i zarz\u0105dc\u00f3w nieruchomo\u015bci (<a href=\"https:\/\/sbmslaw.pl\/wp-content\/uploads\/2024\/07\/MGO_broszura.pdf\" target=\"_blank\" rel=\"noopener\">pdf<\/a>, 600 KB)<\/p><p>PORADNIK BEZPIECZE\u0143STWA &#8211; poradnik wydany przez Rz\u0105d RP (<a href=\"https:\/\/sbmslaw.pl\/wp-content\/uploads\/2025\/10\/PORADNIK_BEZPIECZENSTWA.pdf\" target=\"_blank\" rel=\"noopener\">pdf<\/a>, 4 MB)<\/p>\t\t\t\t\t\t\t\t<\/div>\n\t\t\t\t<\/div>\n\t\t\t\t\t<\/div>\n\t\t\t\t<\/div>\n\t\t<div class=\"elementor-element elementor-element-1bf3cc2 e-flex e-con-boxed e-con e-parent\" data-id=\"1bf3cc2\" data-element_type=\"container\">\n\t\t\t\t\t<div class=\"e-con-inner\">\n\t\t\t\t<div class=\"elementor-element elementor-element-831fa43 elementor-widget elementor-widget-heading\" data-id=\"831fa43\" data-element_type=\"widget\" data-widget_type=\"heading.default\">\n\t\t\t\t<div class=\"elementor-widget-container\">\n\t\t\t\t\t<h2 class=\"elementor-heading-title elementor-size-default\">Ochrona danych osobowych <\/h2>\t\t\t\t<\/div>\n\t\t\t\t<\/div>\n\t\t\t\t<div class=\"elementor-element elementor-element-9469d62 elementor-widget elementor-widget-text-editor\" data-id=\"9469d62\" data-element_type=\"widget\" data-widget_type=\"text-editor.default\">\n\t\t\t\t<div class=\"elementor-widget-container\">\n\t\t\t\t\t\t\t\t\t<p>Od 25 maja 2018 r. we wszystkich krajach Unii Europejskiej obowi\u0105zuje rozporz\u0105dzenie Parlamentu Europejskiego i Rady (UE) 2016\/679 z dnia 27 kwietnia 2016 r. w sprawie ochrony os\u00f3b fizycznych w zwi\u0105zku z przetwarzaniem danych osobowych i w sprawie swobodnego przep\u0142ywu takich danych oraz uchylenia dyrektywy 95\/46\/WE (tzw. RODO). W zwi\u0105zku z powy\u017cszym oraz w trosce o zapewnienie przejrzysto\u015bci informacji oraz ochron\u0119 Pa\u0144stwa danych osobowych Sp\u00f3\u0142dzielnia Budowlano Mieszkaniowa &#8222;S\u0142aw&#8221; informuje, \u017ce:<br \/>\u25aa W zwi\u0105zku z prowadzon\u0105 dzia\u0142alno\u015bci\u0105 przetwarzamy dane osobowe Naszych Mieszka\u0144c\u00f3w, Klient\u00f3w, Pracownik\u00f3w, Wsp\u00f3\u0142pracownik\u00f3w, Wykonawc\u00f3w lub Partner\u00f3w Biznesowych i ich pracownik\u00f3w w jednym lub wi\u0119kszej liczbie cel\u00f3w, kt\u00f3re okre\u015blamy poni\u017cej.<br \/>\u25aa Zawsze informujemy o przetwarzaniu danych osobowych w momencie ich zbierania okre\u015blaj\u0105c cel i podstaw\u0119 prawn\u0105 ich przetwarzania.<br \/>\u25aa Dbamy o to, aby zakres przetwarzanych danych osobowych by\u0142 adekwatny w stosunku do celu ich przetwarzania, a dane osobowe by\u0142y przechowywane przez okres, jaki jest to niezb\u0119dne.<br \/>\u25aa Zapewniamy bezpiecze\u0144stwo i poufno\u015b\u0107 przetwarzanych danych osobowych w stopniu adekwatnym do ryzyka i potencjalnego wp\u0142ywu naruszenia danych na osob\u0119.<\/p><p><strong><em>Administratorem przetwarzanych danych osobowych\u00a0 jest Sp\u00f3\u0142dzielnia Budowlano Mieszkaniowa<\/em><\/strong><br \/><strong><em>&#8222;S\u0142aw&#8221; z siedzib\u0105 w Warszawie, przy ul. Brazylijskiej 8. Z administratorem mo\u017cna si\u0119<\/em><\/strong><br \/><strong><em>skontaktowa\u0107 drog\u0105 elektroniczn\u0105 pisz\u0105c na adres e-mail: administracja@sbmslaw.pl lub<\/em><\/strong><br \/><strong><em>tradycyjn\u0105 wysy\u0142aj\u0105c korespondencj\u0119 na adres: Sp\u00f3\u0142dzielnia Budowlano Mieszkaniowa<\/em><\/strong><br \/><strong><em>&#8222;S\u0142aw&#8221;, ul. Brazylijska 8, 03-946 Warszawa.<\/em><\/strong><\/p>\t\t\t\t\t\t\t\t<\/div>\n\t\t\t\t<\/div>\n\t\t\t\t\t<\/div>\n\t\t\t\t<\/div>\n\t\t<div class=\"elementor-element elementor-element-d28ea5e e-flex e-con-boxed e-con e-parent\" data-id=\"d28ea5e\" data-element_type=\"container\">\n\t\t\t\t\t<div class=\"e-con-inner\">\n\t\t\t\t<div class=\"elementor-element elementor-element-804cce1 elementor-widget elementor-widget-heading\" data-id=\"804cce1\" data-element_type=\"widget\" data-widget_type=\"heading.default\">\n\t\t\t\t<div class=\"elementor-widget-container\">\n\t\t\t\t\t<h2 class=\"elementor-heading-title elementor-size-default\">Klauzula informacyjna dotycz\u0105ca monitoringu wizyjnego<\/h2>\t\t\t\t<\/div>\n\t\t\t\t<\/div>\n\t\t\t\t<div class=\"elementor-element elementor-element-0fec684 elementor-widget elementor-widget-text-editor\" data-id=\"0fec684\" data-element_type=\"widget\" data-widget_type=\"text-editor.default\">\n\t\t\t\t<div class=\"elementor-widget-container\">\n\t\t\t\t\t\t\t\t\t<p>Klauzula informacyjna dotycz\u0105ca monitoringu wizyjnego (<a href=\"https:\/\/sbmslaw.pl\/wp-content\/uploads\/2024\/10\/KLAUZULA_INFORMACYJNA_DOTYCZACA_MONITORINGU_WIZYJNEGO.pdf\">pdf<\/a>, 225 KB)<\/p>\t\t\t\t\t\t\t\t<\/div>\n\t\t\t\t<\/div>\n\t\t\t\t\t<\/div>\n\t\t\t\t<\/div>\n\t\t\t\t<\/div>\n\t\t","protected":false},"excerpt":{"rendered":"<p>Dokumenty Ustawy reguluj\u0105ce dzia\u0142alno\u015b\u0107 Sp\u00f3\u0142dzielni Ustawa z dnia 16 wrze\u015bnia 1982 r. \u2013 Prawo sp\u00f3\u0142dzielcze (tekst aktu w systemie ISAP) Ustawa z dnia 15 grudnia 2000 r. o sp\u00f3\u0142dzielniach mieszkaniowych (tekst aktu w systemie ISAP) \u00a0 Dokumenty wewn\u0119trzne Sp\u00f3\u0142dzielni Statut Sp\u00f3\u0142dzielni (pdf, 140 KB) Regulamin Organizacyjny Rady Nadzorczej (pdf, 340 KB)Regulamin Komisji Technicznej Rady Nadzorczej [&hellip;]<\/p>\n","protected":false},"author":1,"featured_media":0,"parent":0,"menu_order":0,"comment_status":"closed","ping_status":"closed","template":"elementor_header_footer","meta":{"footnotes":""},"class_list":["post-49","page","type-page","status-publish","hentry"],"_links":{"self":[{"href":"https:\/\/sbmslaw.pl\/index.php?rest_route=\/wp\/v2\/pages\/49","targetHints":{"allow":["GET"]}}],"collection":[{"href":"https:\/\/sbmslaw.pl\/index.php?rest_route=\/wp\/v2\/pages"}],"about":[{"href":"https:\/\/sbmslaw.pl\/index.php?rest_route=\/wp\/v2\/types\/page"}],"author":[{"embeddable":true,"href":"https:\/\/sbmslaw.pl\/index.php?rest_route=\/wp\/v2\/users\/1"}],"replies":[{"embeddable":true,"href":"https:\/\/sbmslaw.pl\/index.php?rest_route=%2Fwp%2Fv2%2Fcomments&post=49"}],"version-history":[{"count":148,"href":"https:\/\/sbmslaw.pl\/index.php?rest_route=\/wp\/v2\/pages\/49\/revisions"}],"predecessor-version":[{"id":732,"href":"https:\/\/sbmslaw.pl\/index.php?rest_route=\/wp\/v2\/pages\/49\/revisions\/732"}],"wp:attachment":[{"href":"https:\/\/sbmslaw.pl\/index.php?rest_route=%2Fwp%2Fv2%2Fmedia&parent=49"}],"curies":[{"name":"wp","href":"https:\/\/api.w.org\/{rel}","templated":true}]}}