{"id":33,"date":"2024-05-08T13:38:00","date_gmt":"2024-05-08T12:38:00","guid":{"rendered":"http:\/\/slaw.local\/?page_id=33"},"modified":"2025-10-07T13:31:59","modified_gmt":"2025-10-07T12:31:59","slug":"wladze-spoldzielni","status":"publish","type":"page","link":"https:\/\/sbmslaw.pl\/?page_id=33","title":{"rendered":"W\u0142adze Sp\u00f3\u0142dzielni"},"content":{"rendered":"\t\t<div data-elementor-type=\"wp-page\" data-elementor-id=\"33\" class=\"elementor elementor-33\">\n\t\t\t\t<div class=\"elementor-element elementor-element-6699598 e-flex e-con-boxed e-con e-parent\" data-id=\"6699598\" data-element_type=\"container\">\n\t\t\t\t\t<div class=\"e-con-inner\">\n\t\t\t\t<div class=\"elementor-element elementor-element-2b988fb elementor-widget elementor-widget-heading\" data-id=\"2b988fb\" data-element_type=\"widget\" data-widget_type=\"heading.default\">\n\t\t\t\t<div class=\"elementor-widget-container\">\n\t\t\t\t\t<h2 class=\"elementor-heading-title elementor-size-default\">W\u0142adze Sp\u00f3\u0142dzielni<\/h2>\t\t\t\t<\/div>\n\t\t\t\t<\/div>\n\t\t\t\t\t<\/div>\n\t\t\t\t<\/div>\n\t\t<div class=\"elementor-element elementor-element-861079a e-flex e-con-boxed e-con e-parent\" data-id=\"861079a\" data-element_type=\"container\">\n\t\t\t\t\t<div class=\"e-con-inner\">\n\t\t\t\t<div class=\"elementor-element elementor-element-7a48ec6 elementor-widget elementor-widget-heading\" data-id=\"7a48ec6\" data-element_type=\"widget\" data-widget_type=\"heading.default\">\n\t\t\t\t<div class=\"elementor-widget-container\">\n\t\t\t\t\t<h2 class=\"elementor-heading-title elementor-size-default\">Zarz\u0105d<\/h2>\t\t\t\t<\/div>\n\t\t\t\t<\/div>\n\t\t\t\t<div class=\"elementor-element elementor-element-2b22e41 elementor-widget elementor-widget-text-editor\" data-id=\"2b22e41\" data-element_type=\"widget\" data-widget_type=\"text-editor.default\">\n\t\t\t\t<div class=\"elementor-widget-container\">\n\t\t\t\t\t\t\t\t\t<ul><li>Prezes: Krzysztof Komendecki<\/li><li>Wiceprezes: Andrzej Borek<\/li><li>G\u0142\u00f3wna ksi\u0119gowa: Beata Maciejewska<\/li><\/ul>\t\t\t\t\t\t\t\t<\/div>\n\t\t\t\t<\/div>\n\t\t\t\t\t<\/div>\n\t\t\t\t<\/div>\n\t\t<div class=\"elementor-element elementor-element-34cee4c e-flex e-con-boxed e-con e-parent\" data-id=\"34cee4c\" data-element_type=\"container\">\n\t\t\t\t\t<div class=\"e-con-inner\">\n\t\t\t\t<div class=\"elementor-element elementor-element-27a7214 elementor-widget elementor-widget-heading\" data-id=\"27a7214\" data-element_type=\"widget\" data-widget_type=\"heading.default\">\n\t\t\t\t<div class=\"elementor-widget-container\">\n\t\t\t\t\t<h2 class=\"elementor-heading-title elementor-size-default\">Rada Nadzorcza<\/h2>\t\t\t\t<\/div>\n\t\t\t\t<\/div>\n\t\t\t\t<div class=\"elementor-element elementor-element-e4d1cea elementor-widget elementor-widget-text-editor\" data-id=\"e4d1cea\" data-element_type=\"widget\" data-widget_type=\"text-editor.default\">\n\t\t\t\t<div class=\"elementor-widget-container\">\n\t\t\t\t\t\t\t\t\t<p>Przewodnicz\u0105cy: Grzegorz Jaworski<br \/>Sekretarz: Maciej Janiak<br \/>Przewodnicz\u0105ca Komisji Technicznej: Zbigniew Pielaszkiewicz<br \/>Cz\u0142onek Komisji Technicznej: Maciej Janiak<br \/>Przewodnicz\u0105ca Komisji Rewizyjnej: Ewa Pilcicka<br \/>Cz\u0142onek Komisji Rewizyjnej : Ewa Szaniawska<\/p>\t\t\t\t\t\t\t\t<\/div>\n\t\t\t\t<\/div>\n\t\t\t\t\t<\/div>\n\t\t\t\t<\/div>\n\t\t\t\t<\/div>\n\t\t","protected":false},"excerpt":{"rendered":"<p>W\u0142adze Sp\u00f3\u0142dzielni Zarz\u0105d Prezes: Krzysztof Komendecki Wiceprezes: Andrzej Borek G\u0142\u00f3wna ksi\u0119gowa: Beata Maciejewska Rada Nadzorcza Przewodnicz\u0105cy: Grzegorz JaworskiSekretarz: Maciej JaniakPrzewodnicz\u0105ca Komisji Technicznej: Zbigniew PielaszkiewiczCz\u0142onek Komisji Technicznej: Maciej JaniakPrzewodnicz\u0105ca Komisji Rewizyjnej: Ewa PilcickaCz\u0142onek Komisji Rewizyjnej : Ewa Szaniawska<\/p>\n","protected":false},"author":1,"featured_media":0,"parent":0,"menu_order":0,"comment_status":"closed","ping_status":"closed","template":"elementor_header_footer","meta":{"footnotes":""},"class_list":["post-33","page","type-page","status-publish","hentry"],"_links":{"self":[{"href":"https:\/\/sbmslaw.pl\/index.php?rest_route=\/wp\/v2\/pages\/33","targetHints":{"allow":["GET"]}}],"collection":[{"href":"https:\/\/sbmslaw.pl\/index.php?rest_route=\/wp\/v2\/pages"}],"about":[{"href":"https:\/\/sbmslaw.pl\/index.php?rest_route=\/wp\/v2\/types\/page"}],"author":[{"embeddable":true,"href":"https:\/\/sbmslaw.pl\/index.php?rest_route=\/wp\/v2\/users\/1"}],"replies":[{"embeddable":true,"href":"https:\/\/sbmslaw.pl\/index.php?rest_route=%2Fwp%2Fv2%2Fcomments&post=33"}],"version-history":[{"count":25,"href":"https:\/\/sbmslaw.pl\/index.php?rest_route=\/wp\/v2\/pages\/33\/revisions"}],"predecessor-version":[{"id":718,"href":"https:\/\/sbmslaw.pl\/index.php?rest_route=\/wp\/v2\/pages\/33\/revisions\/718"}],"wp:attachment":[{"href":"https:\/\/sbmslaw.pl\/index.php?rest_route=%2Fwp%2Fv2%2Fmedia&parent=33"}],"curies":[{"name":"wp","href":"https:\/\/api.w.org\/{rel}","templated":true}]}}