{"id":26,"date":"2024-05-08T13:33:47","date_gmt":"2024-05-08T12:33:47","guid":{"rendered":"http:\/\/slaw.local\/?page_id=26"},"modified":"2024-05-14T15:07:47","modified_gmt":"2024-05-14T14:07:47","slug":"o-nas","status":"publish","type":"page","link":"https:\/\/sbmslaw.pl\/?page_id=26","title":{"rendered":"O nas"},"content":{"rendered":"\t\t<div data-elementor-type=\"wp-page\" data-elementor-id=\"26\" class=\"elementor elementor-26\">\n\t\t\t\t<div class=\"elementor-element elementor-element-eb977a3 e-flex e-con-boxed e-con e-parent\" data-id=\"eb977a3\" data-element_type=\"container\">\n\t\t\t\t\t<div class=\"e-con-inner\">\n\t\t\t\t<div class=\"elementor-element elementor-element-afd2ffb elementor-widget elementor-widget-heading\" data-id=\"afd2ffb\" data-element_type=\"widget\" data-widget_type=\"heading.default\">\n\t\t\t\t<div class=\"elementor-widget-container\">\n\t\t\t\t\t<h2 class=\"elementor-heading-title elementor-size-default\">O sp\u00f3\u0142dzielni<\/h2>\t\t\t\t<\/div>\n\t\t\t\t<\/div>\n\t\t\t\t<div class=\"elementor-element elementor-element-9fd356c elementor-widget elementor-widget-text-editor\" data-id=\"9fd356c\" data-element_type=\"widget\" data-widget_type=\"text-editor.default\">\n\t\t\t\t<div class=\"elementor-widget-container\">\n\t\t\t\t\t\t\t\t\tSp\u00f3\u0142dzielnia Budowlano Mieszkaniowa \u201eS\u0142aw\u201d powsta\u0142a 22 grudnia 1957 roku. Nazwa pochodzi od zgrupowania AK <a href=\"https:\/\/pl.wikipedia.org\/wiki\/Zgrupowanie_%E2%80%9ERados%C5%82aw%E2%80%9D\" target=\"_blank\" rel=\"noopener\">\u201eRados\u0142aw\u201d<\/a>.\n\u00d3wczesne w\u0142adze komunistyczne nie chcia\u0142y zgodzi\u0107 si\u0119 na t\u0119 nazw\u0119 dlatego skr\u00f3cono ja do \u201eS\u0142aw\u201d. Posiedzeniu konstytucyjnemu Zarz\u0105du Sp\u00f3\u0142dzielni przewodniczy\u0142 Jan Mazurkiewicz &#8222;Rados\u0142aw&#8221;.\n\n<a href=\"https:\/\/sbmslaw.pl\/wp-content\/uploads\/2024\/05\/posiedzenie_konstytucyjne.pdf\" target=\"_blank\" rel=\"noopener\">Protok\u00f3\u0142 z posiedzenia konstytucyjnego Sp\u00f3\u0142dzielni Budowlano Mieszkaniowej: &#8222;S\u0142aw&#8221;<\/a>\t\t\t\t\t\t\t\t<\/div>\n\t\t\t\t<\/div>\n\t\t\t\t\t<\/div>\n\t\t\t\t<\/div>\n\t\t<div class=\"elementor-element elementor-element-5060dde e-flex e-con-boxed e-con e-parent\" data-id=\"5060dde\" data-element_type=\"container\">\n\t\t\t\t\t<div class=\"e-con-inner\">\n\t\t\t\t<div class=\"elementor-element elementor-element-ff69ac3 elementor-widget elementor-widget-heading\" data-id=\"ff69ac3\" data-element_type=\"widget\" data-widget_type=\"heading.default\">\n\t\t\t\t<div class=\"elementor-widget-container\">\n\t\t\t\t\t<h2 class=\"elementor-heading-title elementor-size-default\">Sp\u00f3\u0142dzielnia \"S\u0142aw\" dzisiaj<\/h2>\t\t\t\t<\/div>\n\t\t\t\t<\/div>\n\t\t\t\t<div class=\"elementor-element elementor-element-5275831 elementor-widget elementor-widget-text-editor\" data-id=\"5275831\" data-element_type=\"widget\" data-widget_type=\"text-editor.default\">\n\t\t\t\t<div class=\"elementor-widget-container\">\n\t\t\t\t\t\t\t\t\t<p>Obecnie zasoby Sp\u00f3\u0142dzielni sk\u0142adaj\u0105 si\u0119 z pi\u0119ciu budynk\u00f3w mieszkalnych pod adresami:<\/p><ul><li>ul. Brazylijska 4<\/li><li>ul. Brazylijska 8<\/li><li>ul. Saska 42<\/li><li>ul. Saska 44<\/li><li>ul. Kuba\u0144ska 8<\/li><\/ul>\t\t\t\t\t\t\t\t<\/div>\n\t\t\t\t<\/div>\n\t\t\t\t\t<\/div>\n\t\t\t\t<\/div>\n\t\t\t\t<\/div>\n\t\t","protected":false},"excerpt":{"rendered":"<p>O sp\u00f3\u0142dzielni Sp\u00f3\u0142dzielnia Budowlano Mieszkaniowa \u201eS\u0142aw\u201d powsta\u0142a 22 grudnia 1957 roku. Nazwa pochodzi od zgrupowania AK \u201eRados\u0142aw\u201d. \u00d3wczesne w\u0142adze komunistyczne nie chcia\u0142y zgodzi\u0107 si\u0119 na t\u0119 nazw\u0119 dlatego skr\u00f3cono ja do \u201eS\u0142aw\u201d. Posiedzeniu konstytucyjnemu Zarz\u0105du Sp\u00f3\u0142dzielni przewodniczy\u0142 Jan Mazurkiewicz &#8222;Rados\u0142aw&#8221;. Protok\u00f3\u0142 z posiedzenia konstytucyjnego Sp\u00f3\u0142dzielni Budowlano Mieszkaniowej: &#8222;S\u0142aw&#8221; Sp\u00f3\u0142dzielnia &#8222;S\u0142aw&#8221; dzisiaj Obecnie zasoby Sp\u00f3\u0142dzielni sk\u0142adaj\u0105 [&hellip;]<\/p>\n","protected":false},"author":1,"featured_media":0,"parent":0,"menu_order":0,"comment_status":"closed","ping_status":"closed","template":"elementor_header_footer","meta":{"footnotes":""},"class_list":["post-26","page","type-page","status-publish","hentry"],"_links":{"self":[{"href":"https:\/\/sbmslaw.pl\/index.php?rest_route=\/wp\/v2\/pages\/26","targetHints":{"allow":["GET"]}}],"collection":[{"href":"https:\/\/sbmslaw.pl\/index.php?rest_route=\/wp\/v2\/pages"}],"about":[{"href":"https:\/\/sbmslaw.pl\/index.php?rest_route=\/wp\/v2\/types\/page"}],"author":[{"embeddable":true,"href":"https:\/\/sbmslaw.pl\/index.php?rest_route=\/wp\/v2\/users\/1"}],"replies":[{"embeddable":true,"href":"https:\/\/sbmslaw.pl\/index.php?rest_route=%2Fwp%2Fv2%2Fcomments&post=26"}],"version-history":[{"count":37,"href":"https:\/\/sbmslaw.pl\/index.php?rest_route=\/wp\/v2\/pages\/26\/revisions"}],"predecessor-version":[{"id":221,"href":"https:\/\/sbmslaw.pl\/index.php?rest_route=\/wp\/v2\/pages\/26\/revisions\/221"}],"wp:attachment":[{"href":"https:\/\/sbmslaw.pl\/index.php?rest_route=%2Fwp%2Fv2%2Fmedia&parent=26"}],"curies":[{"name":"wp","href":"https:\/\/api.w.org\/{rel}","templated":true}]}}